{"id":1688,"date":"2019-01-26T01:52:25","date_gmt":"2019-01-26T01:52:25","guid":{"rendered":"http:\/\/demo.ovathemes.com\/muzze\/?page_id=1688"},"modified":"2020-02-02T22:35:54","modified_gmt":"2020-02-02T22:35:54","slug":"nostra-storia","status":"publish","type":"page","link":"https:\/\/muzeumet-berat.al\/it\/nostra-storia\/","title":{"rendered":"LA NOSTRA STORIA"},"content":{"rendered":"\t\t<div data-elementor-type=\"wp-post\" data-elementor-id=\"1688\" class=\"elementor elementor-1688\" data-elementor-settings=\"[]\">\n\t\t\t<div class=\"elementor-inner\">\n\t\t\t\t<div class=\"elementor-section-wrap\">\n\t\t\t\t\t\t\t<section class=\"elementor-element elementor-element-041979d elementor-section-full_width elementor-section-height-default elementor-section-height-default elementor-section elementor-top-section\" data-id=\"041979d\" data-element_type=\"section\">\n\t\t\t\t\t\t<div class=\"elementor-container elementor-column-gap-default\">\n\t\t\t\t<div class=\"elementor-row\">\n\t\t\t\t<div class=\"elementor-element elementor-element-a382a83 elementor-column elementor-col-100 elementor-top-column\" data-id=\"a382a83\" data-element_type=\"column\">\n\t\t\t<div class=\"elementor-column-wrap  elementor-element-populated\">\n\t\t\t\t\t<div class=\"elementor-widget-wrap\">\n\t\t\t\t<div class=\"elementor-element elementor-element-f91214b elementor-widget elementor-widget-ova_heading_page\" data-id=\"f91214b\" data-element_type=\"widget\" data-widget_type=\"ova_heading_page.default\">\n\t\t\t\t<div class=\"elementor-widget-container\">\n\t\t\t\n\t\t<section class=\"heading-page\" style=\"background-image: url(https:\/\/muzeumet-berat.al\/wp-content\/uploads\/2019\/12\/header-rreth-nesh.png)\" >\n\t\t\t<div class=\"container\">\n\t\t\t\t<div class=\"cta-content\">\n\t\t\t\t\t\t\t\t\t\t\t<h2 class=\"second_font\">LA NOSTRA STORIA<\/h2>\n\t\t\t\t\t\t\t\t\t\t\n\t\t\t\t<\/div>\n\t\t\t<\/div>\n\t\t<\/section>\n\n\t\t\t<\/div>\n\t\t\t\t<\/div>\n\t\t\t\t\t\t<\/div>\n\t\t\t<\/div>\n\t\t<\/div>\n\t\t\t\t\t\t<\/div>\n\t\t\t<\/div>\n\t\t<\/section>\n\t\t\t\t<section class=\"elementor-element elementor-element-44216cf elementor-section-boxed elementor-section-height-default elementor-section-height-default elementor-section elementor-top-section\" data-id=\"44216cf\" data-element_type=\"section\">\n\t\t\t\t\t\t<div class=\"elementor-container elementor-column-gap-default\">\n\t\t\t\t<div class=\"elementor-row\">\n\t\t\t\t<div class=\"elementor-element elementor-element-60569d5 elementor-column elementor-col-100 elementor-top-column\" data-id=\"60569d5\" data-element_type=\"column\">\n\t\t\t<div class=\"elementor-column-wrap  elementor-element-populated\">\n\t\t\t\t\t<div class=\"elementor-widget-wrap\">\n\t\t\t\t<div class=\"elementor-element elementor-element-15569c6 elementor-widget elementor-widget-image\" data-id=\"15569c6\" data-element_type=\"widget\" data-widget_type=\"image.default\">\n\t\t\t\t<div class=\"elementor-widget-container\">\n\t\t\t\t\t<div class=\"elementor-image\">\n\t\t\t\t\t\t\t\t\t\t<img loading=\"lazy\" decoding=\"async\" width=\"240\" height=\"300\" src=\"https:\/\/i2.wp.com\/muzeumet-berat.al\/it\/wp-content\/uploads\/2019\/11\/QENDRA-MUZEUMEVE-LOGObig.png?fit=240%2C300&amp;ssl=1\" class=\"attachment-medium size-medium\" alt=\"\" srcset=\"https:\/\/i2.wp.com\/muzeumet-berat.al\/it\/wp-content\/uploads\/2019\/11\/QENDRA-MUZEUMEVE-LOGObig.png?w=1731&amp;ssl=1 1731w, https:\/\/i2.wp.com\/muzeumet-berat.al\/it\/wp-content\/uploads\/2019\/11\/QENDRA-MUZEUMEVE-LOGObig.png?resize=240%2C300&amp;ssl=1 240w, https:\/\/i2.wp.com\/muzeumet-berat.al\/it\/wp-content\/uploads\/2019\/11\/QENDRA-MUZEUMEVE-LOGObig.png?resize=768%2C958&amp;ssl=1 768w, https:\/\/i2.wp.com\/muzeumet-berat.al\/it\/wp-content\/uploads\/2019\/11\/QENDRA-MUZEUMEVE-LOGObig.png?resize=821%2C1024&amp;ssl=1 821w\" sizes=\"auto, (max-width: 240px) 100vw, 240px\" \/>\t\t\t\t\t\t\t\t\t\t\t<\/div>\n\t\t\t\t<\/div>\n\t\t\t\t<\/div>\n\t\t\t\t\t\t<\/div>\n\t\t\t<\/div>\n\t\t<\/div>\n\t\t\t\t\t\t<\/div>\n\t\t\t<\/div>\n\t\t<\/section>\n\t\t\t\t<section class=\"elementor-element elementor-element-1723d69e elementor-section-boxed elementor-section-height-default elementor-section-height-default elementor-section elementor-top-section\" data-id=\"1723d69e\" data-element_type=\"section\">\n\t\t\t\t\t\t<div class=\"elementor-container elementor-column-gap-default\">\n\t\t\t\t<div class=\"elementor-row\">\n\t\t\t\t<div class=\"elementor-element elementor-element-1a6ddca2 elementor-column elementor-col-100 elementor-top-column\" data-id=\"1a6ddca2\" data-element_type=\"column\">\n\t\t\t<div class=\"elementor-column-wrap  elementor-element-populated\">\n\t\t\t\t\t<div class=\"elementor-widget-wrap\">\n\t\t\t\t<div class=\"elementor-element elementor-element-3700bb2a elementor-widget elementor-widget-text-editor\" data-id=\"3700bb2a\" data-element_type=\"widget\" data-widget_type=\"text-editor.default\">\n\t\t\t\t<div class=\"elementor-widget-container\">\n\t\t\t\t\t<div class=\"elementor-text-editor elementor-clearfix\"><span style=\"color: #555555;\">Il centro museale di Berat \u00e8 un\u2019istituzione specializzata e archivistica dallo status \u201cMuseo nazionale\u201d alla dipendenza del Ministero di Cultura e ha la sua sede nella citt\u00e0 di Berat, amministrando il museo di iconografia \u201cOnofrio\u201d e il museo etnografico.\n\nIl museo di iconografia \u201cOnofrio\u201d e il museo etnografico raccolgono, conservano e promuovono collezioni di grandi valori del patrimonio culturale della citt\u00e0 di Berat e della zona circostante. La citt\u00e0 di Berat \u00e8 stata un importante centro sviluppato particolarmente nel XVII secolo, una citt\u00e0 dove sono prodotti, raccolti e conservati grandi valori, i quali sono veri tesori della cultura nazionale.\n<\/span><\/div>\n\t\t\t\t<\/div>\n\t\t\t\t<\/div>\n\t\t\t\t<div class=\"elementor-element elementor-element-cd345c4 elementor-widget elementor-widget-image\" data-id=\"cd345c4\" data-element_type=\"widget\" data-widget_type=\"image.default\">\n\t\t\t\t<div class=\"elementor-widget-container\">\n\t\t\t\t\t<div class=\"elementor-image\">\n\t\t\t\t\t\t\t\t\t\t<img loading=\"lazy\" decoding=\"async\" width=\"150\" height=\"156\" src=\"https:\/\/i0.wp.com\/muzeumet-berat.al\/it\/wp-content\/uploads\/2019\/12\/logo-onufrimengjyra.png?fit=150%2C156&amp;ssl=1\" class=\"attachment-large size-large\" alt=\"\" \/>\t\t\t\t\t\t\t\t\t\t\t<\/div>\n\t\t\t\t<\/div>\n\t\t\t\t<\/div>\n\t\t\t\t<div class=\"elementor-element elementor-element-15e986f elementor-widget elementor-widget-heading\" data-id=\"15e986f\" data-element_type=\"widget\" data-widget_type=\"heading.default\">\n\t\t\t\t<div class=\"elementor-widget-container\">\n\t\t\t<h1 class=\"elementor-heading-title elementor-size-medium\">Il Museo Di Iconografia \u201cOnofrio\u201d<\/h1>\t\t<\/div>\n\t\t\t\t<\/div>\n\t\t\t\t<div class=\"elementor-element elementor-element-06bf190 elementor-widget elementor-widget-image\" data-id=\"06bf190\" data-element_type=\"widget\" data-widget_type=\"image.default\">\n\t\t\t\t<div class=\"elementor-widget-container\">\n\t\t\t\t\t<div class=\"elementor-image\">\n\t\t\t\t\t\t\t\t\t\t<img loading=\"lazy\" decoding=\"async\" width=\"768\" height=\"509\" src=\"https:\/\/i0.wp.com\/muzeumet-berat.al\/it\/wp-content\/uploads\/2019\/01\/2.-Ikonostas-scaled.jpg?fit=768%2C509&amp;ssl=1\" class=\"attachment-medium_large size-medium_large\" alt=\"\" srcset=\"https:\/\/i0.wp.com\/muzeumet-berat.al\/it\/wp-content\/uploads\/2019\/01\/2.-Ikonostas-scaled.jpg?w=2560&amp;ssl=1 2560w, https:\/\/i0.wp.com\/muzeumet-berat.al\/it\/wp-content\/uploads\/2019\/01\/2.-Ikonostas-scaled.jpg?resize=300%2C199&amp;ssl=1 300w, https:\/\/i0.wp.com\/muzeumet-berat.al\/it\/wp-content\/uploads\/2019\/01\/2.-Ikonostas-scaled.jpg?resize=1024%2C678&amp;ssl=1 1024w, https:\/\/i0.wp.com\/muzeumet-berat.al\/it\/wp-content\/uploads\/2019\/01\/2.-Ikonostas-scaled.jpg?resize=768%2C509&amp;ssl=1 768w, https:\/\/i0.wp.com\/muzeumet-berat.al\/it\/wp-content\/uploads\/2019\/01\/2.-Ikonostas-scaled.jpg?resize=1536%2C1017&amp;ssl=1 1536w, https:\/\/i0.wp.com\/muzeumet-berat.al\/it\/wp-content\/uploads\/2019\/01\/2.-Ikonostas-scaled.jpg?resize=2048%2C1356&amp;ssl=1 2048w\" sizes=\"auto, (max-width: 768px) 100vw, 768px\" \/>\t\t\t\t\t\t\t\t\t\t\t<\/div>\n\t\t\t\t<\/div>\n\t\t\t\t<\/div>\n\t\t\t\t<div class=\"elementor-element elementor-element-323ad5d elementor-widget elementor-widget-text-editor\" data-id=\"323ad5d\" data-element_type=\"widget\" data-widget_type=\"text-editor.default\">\n\t\t\t\t<div class=\"elementor-widget-container\">\n\t\t\t\t\t<div class=\"elementor-text-editor elementor-clearfix\"><span style=\"color: #555555;\">Il Museo Di Iconografia \u201cOnofrio\u201d \u00e8 organizzato negli ambienti della chiesa \u201cDormizione di Santa Maria\u201d nel castello di Berat dal 27 febbraio dell\u2019anno 1986. Il Museo porta il nome \u201cOnofrio\u201d in omaggio del grande maestro della pittura iconografica albanese del XVI secolo. La chiesa secondo le iscrizioni risulta ricostruita nell\u2019anno 1797 sulle fondamenta di una chiesa pi\u00f9 antica del periodo bizantino. La chiesa rappresenta una delle architetture pi\u00f9 tipiche postbizantina nella citt\u00e0 di Berat.<\/span><\/div>\n\t\t\t\t<\/div>\n\t\t\t\t<\/div>\n\t\t\t\t<div class=\"elementor-element elementor-element-5f6c60e elementor-widget elementor-widget-image\" data-id=\"5f6c60e\" data-element_type=\"widget\" data-widget_type=\"image.default\">\n\t\t\t\t<div class=\"elementor-widget-container\">\n\t\t\t\t\t<div class=\"elementor-image\">\n\t\t\t\t\t\t\t\t\t\t<img loading=\"lazy\" decoding=\"async\" width=\"150\" height=\"156\" src=\"https:\/\/i1.wp.com\/muzeumet-berat.al\/it\/wp-content\/uploads\/2019\/12\/etnografik-logorgb.png?fit=150%2C156&amp;ssl=1\" class=\"attachment-large size-large\" alt=\"\" \/>\t\t\t\t\t\t\t\t\t\t\t<\/div>\n\t\t\t\t<\/div>\n\t\t\t\t<\/div>\n\t\t\t\t<div class=\"elementor-element elementor-element-7702cc9 elementor-widget elementor-widget-heading\" data-id=\"7702cc9\" data-element_type=\"widget\" data-widget_type=\"heading.default\">\n\t\t\t\t<div class=\"elementor-widget-container\">\n\t\t\t<h1 class=\"elementor-heading-title elementor-size-medium\">Il Museo Etnografico <\/h1>\t\t<\/div>\n\t\t\t\t<\/div>\n\t\t\t\t<div class=\"elementor-element elementor-element-b42af5a elementor-widget elementor-widget-image\" data-id=\"b42af5a\" data-element_type=\"widget\" data-widget_type=\"image.default\">\n\t\t\t\t<div class=\"elementor-widget-container\">\n\t\t\t\t\t<div class=\"elementor-image\">\n\t\t\t\t\t\t\t\t\t\t<img loading=\"lazy\" decoding=\"async\" width=\"768\" height=\"513\" src=\"https:\/\/i0.wp.com\/muzeumet-berat.al\/it\/wp-content\/uploads\/2019\/01\/01-Muzeu-Etnografik.jpg?fit=768%2C513&amp;ssl=1\" class=\"attachment-medium_large size-medium_large\" alt=\"\" srcset=\"https:\/\/i0.wp.com\/muzeumet-berat.al\/it\/wp-content\/uploads\/2019\/01\/01-Muzeu-Etnografik.jpg?w=1024&amp;ssl=1 1024w, https:\/\/i0.wp.com\/muzeumet-berat.al\/it\/wp-content\/uploads\/2019\/01\/01-Muzeu-Etnografik.jpg?resize=300%2C200&amp;ssl=1 300w, https:\/\/i0.wp.com\/muzeumet-berat.al\/it\/wp-content\/uploads\/2019\/01\/01-Muzeu-Etnografik.jpg?resize=768%2C513&amp;ssl=1 768w\" sizes=\"auto, (max-width: 768px) 100vw, 768px\" \/>\t\t\t\t\t\t\t\t\t\t\t<\/div>\n\t\t\t\t<\/div>\n\t\t\t\t<\/div>\n\t\t\t\t<div class=\"elementor-element elementor-element-afe980d elementor-widget elementor-widget-text-editor\" data-id=\"afe980d\" data-element_type=\"widget\" data-widget_type=\"text-editor.default\">\n\t\t\t\t<div class=\"elementor-widget-container\">\n\t\t\t\t\t<div class=\"elementor-text-editor elementor-clearfix\"><span style=\"color: #555555;\">Il Museo Etnografico si trova nella zona protetta, molto vicino al centro storico (i quartieri \u201cMangalem\u201d e \u201cKala\u201d). Il Museo \u00e8 adattato nell\u2019anno 1997 in una casa tradizionale della citt\u00e0, su due piani di veranda in una parte, costruita all\u2019inizio del XVIII secolo. Particolare attenzione in questa costruzione attirano gli ambienti aperti dell\u2019atrio che occupano interamente il piano terreno  e la veranda nel piano sopra la quale comunica con tutte le stanze che servivano per soggiornare, lavorare, cuocere, mangiare e dormire.<\/span><\/div>\n\t\t\t\t<\/div>\n\t\t\t\t<\/div>\n\t\t\t\t\t\t<\/div>\n\t\t\t<\/div>\n\t\t<\/div>\n\t\t\t\t\t\t<\/div>\n\t\t\t<\/div>\n\t\t<\/section>\n\t\t\t\t\t\t<\/div>\n\t\t\t<\/div>\n\t\t<\/div>\n\t\t","protected":false},"excerpt":{"rendered":"<p>LA NOSTRA STORIA Il centro museale di Berat \u00e8 un\u2019istituzione specializzata e archivistica dallo status \u201cMuseo nazionale\u201d alla dipendenza del Ministero di Cultura e ha la sua sede nella citt\u00e0 di Berat, amministrando il museo di iconografia \u201cOnofrio\u201d e il museo etnografico. Il museo di iconografia \u201cOnofrio\u201d e il museo etnografico raccolgono, conservano e promuovono [&hellip;]<\/p>\n","protected":false},"author":1,"featured_media":0,"parent":0,"menu_order":0,"comment_status":"closed","ping_status":"closed","template":"elementor_header_footer","meta":{"_monsterinsights_skip_tracking":false,"_monsterinsights_sitenote_active":false,"_monsterinsights_sitenote_note":"","_monsterinsights_sitenote_category":0,"spay_email":"","footnotes":""},"class_list":["post-1688","page","type-page","status-publish","hentry"],"jetpack_shortlink":"https:\/\/wp.me\/PbxcFv-re","_links":{"self":[{"href":"https:\/\/muzeumet-berat.al\/it\/wp-json\/wp\/v2\/pages\/1688","targetHints":{"allow":["GET"]}}],"collection":[{"href":"https:\/\/muzeumet-berat.al\/it\/wp-json\/wp\/v2\/pages"}],"about":[{"href":"https:\/\/muzeumet-berat.al\/it\/wp-json\/wp\/v2\/types\/page"}],"author":[{"embeddable":true,"href":"https:\/\/muzeumet-berat.al\/it\/wp-json\/wp\/v2\/users\/1"}],"replies":[{"embeddable":true,"href":"https:\/\/muzeumet-berat.al\/it\/wp-json\/wp\/v2\/comments?post=1688"}],"version-history":[{"count":24,"href":"https:\/\/muzeumet-berat.al\/it\/wp-json\/wp\/v2\/pages\/1688\/revisions"}],"predecessor-version":[{"id":5901,"href":"https:\/\/muzeumet-berat.al\/it\/wp-json\/wp\/v2\/pages\/1688\/revisions\/5901"}],"wp:attachment":[{"href":"https:\/\/muzeumet-berat.al\/it\/wp-json\/wp\/v2\/media?parent=1688"}],"curies":[{"name":"wp","href":"https:\/\/api.w.org\/{rel}","templated":true}]}}